{"id":1652,"date":"2020-10-14T15:04:00","date_gmt":"2020-10-14T15:04:00","guid":{"rendered":"https:\/\/lescapadou.com\/wp\/?page_id=1652"},"modified":"2020-10-30T14:54:17","modified_gmt":"2020-10-30T14:54:17","slug":"la-magie-des-mots-appli","status":"publish","type":"page","link":"https:\/\/lescapadou.com\/wp\/fr\/la-magie-des-mots-appli\/","title":{"rendered":"La magie des mots &#8211; pour iPad, iPhone et Android"},"content":{"rendered":"<body>\t\t<div data-elementor-type=\"wp-page\" data-elementor-id=\"1652\" class=\"elementor elementor-1652\">\n\t\t\t\t\t\t<section class=\"elementor-section elementor-top-section elementor-element elementor-element-742ca33 elementor-section-content-top elementor-section-boxed elementor-section-height-default elementor-section-height-default\" data-id=\"742ca33\" data-element_type=\"section\">\n\t\t\t\t\t\t<div class=\"elementor-container elementor-column-gap-no\">\n\t\t\t\t\t<div class=\"elementor-column elementor-col-100 elementor-top-column elementor-element elementor-element-b2b832b\" data-id=\"b2b832b\" data-element_type=\"column\">\n\t\t\t<div class=\"elementor-widget-wrap elementor-element-populated\">\n\t\t\t\t\t\t<section class=\"elementor-section elementor-inner-section elementor-element elementor-element-e3c6817 elementor-section-boxed elementor-section-height-default elementor-section-height-default\" data-id=\"e3c6817\" data-element_type=\"section\">\n\t\t\t\t\t\t<div class=\"elementor-container elementor-column-gap-no\">\n\t\t\t\t\t<div class=\"elementor-column elementor-col-100 elementor-inner-column elementor-element elementor-element-0fbc49f\" data-id=\"0fbc49f\" data-element_type=\"column\">\n\t\t\t<div class=\"elementor-widget-wrap elementor-element-populated\">\n\t\t\t\t\t\t<div class=\"elementor-element elementor-element-6d75c6b elementor-widget elementor-widget-menu-anchor\" data-id=\"6d75c6b\" data-element_type=\"widget\" data-widget_type=\"menu-anchor.default\">\n\t\t\t\t<div class=\"elementor-widget-container\">\n\t\t\t\t\t<div class=\"elementor-menu-anchor\" id=\"la-magie-des-mots-appli\"><\/div>\n\t\t\t\t<\/div>\n\t\t\t\t<\/div>\n\t\t\t\t<div class=\"elementor-element elementor-element-9b70e46 elementor-widget elementor-widget-image\" data-id=\"9b70e46\" data-element_type=\"widget\" data-widget_type=\"image.default\">\n\t\t\t\t<div class=\"elementor-widget-container\">\n\t\t\t\t\t\t\t\t\t\t\t\t\t<img loading=\"lazy\" decoding=\"async\" width=\"768\" height=\"84\" src=\"https:\/\/lescapadou.com\/wp\/wp-content\/uploads\/2020\/10\/magie-title-h100-768x84.png\" class=\"attachment-medium_large size-medium_large wp-image-1418\" alt=\"\" srcset=\"https:\/\/lescapadou.com\/wp\/wp-content\/uploads\/2020\/10\/magie-title-h100-768x84.png 768w, https:\/\/lescapadou.com\/wp\/wp-content\/uploads\/2020\/10\/magie-title-h100-300x33.png 300w, https:\/\/lescapadou.com\/wp\/wp-content\/uploads\/2020\/10\/magie-title-h100.png 909w\" sizes=\"auto, (max-width: 768px) 100vw, 768px\" loading=\"lazy\">\t\t\t\t\t\t\t\t\t\t\t\t\t<\/div>\n\t\t\t\t<\/div>\n\t\t\t\t\t<\/div>\n\t\t<\/div>\n\t\t\t\t\t<\/div>\n\t\t<\/section>\n\t\t\t\t<section class=\"elementor-section elementor-inner-section elementor-element elementor-element-87f44ff elementor-section-boxed elementor-section-height-default elementor-section-height-default\" data-id=\"87f44ff\" data-element_type=\"section\">\n\t\t\t\t\t\t<div class=\"elementor-container elementor-column-gap-default\">\n\t\t\t\t\t<div class=\"elementor-column elementor-col-50 elementor-inner-column elementor-element elementor-element-9fef726\" data-id=\"9fef726\" data-element_type=\"column\">\n\t\t\t<div class=\"elementor-widget-wrap elementor-element-populated\">\n\t\t\t\t\t\t<div class=\"elementor-element elementor-element-611ead3 elementor-widget elementor-widget-heading\" data-id=\"611ead3\" data-element_type=\"widget\" data-widget_type=\"heading.default\">\n\t\t\t\t<div class=\"elementor-widget-container\">\n\t\t\t<h4 class=\"elementor-heading-title elementor-size-default\">\"L\u2019application indispensable pour exp\u00e9rimenter les lettres et apprendre l\u2019orthographe\" - DeclicKids.fr<\/h4>\t\t<\/div>\n\t\t\t\t<\/div>\n\t\t\t\t\t<\/div>\n\t\t<\/div>\n\t\t\t\t<div class=\"elementor-column elementor-col-50 elementor-inner-column elementor-element elementor-element-331c68f\" data-id=\"331c68f\" data-element_type=\"column\">\n\t\t\t<div class=\"elementor-widget-wrap elementor-element-populated\">\n\t\t\t\t\t\t<div class=\"elementor-element elementor-element-fb023aa elementor-widget elementor-widget-heading\" data-id=\"fb023aa\" data-element_type=\"widget\" data-widget_type=\"heading.default\">\n\t\t\t\t<div class=\"elementor-widget-container\">\n\t\t\t<h4 class=\"elementor-heading-title elementor-size-default\">Label Appli d'Or   \"Vos enfants vont aimer l'orthographe!\"  - souris-grise.com<\/h4>\t\t<\/div>\n\t\t\t\t<\/div>\n\t\t\t\t\t<\/div>\n\t\t<\/div>\n\t\t\t\t\t<\/div>\n\t\t<\/section>\n\t\t\t\t<section class=\"elementor-section elementor-inner-section elementor-element elementor-element-3ff6e9d elementor-section-boxed elementor-section-height-default elementor-section-height-default\" data-id=\"3ff6e9d\" data-element_type=\"section\">\n\t\t\t\t\t\t<div class=\"elementor-container elementor-column-gap-default\">\n\t\t\t\t\t<div class=\"elementor-column elementor-col-50 elementor-inner-column elementor-element elementor-element-1708206\" data-id=\"1708206\" data-element_type=\"column\">\n\t\t\t<div class=\"elementor-widget-wrap elementor-element-populated\">\n\t\t\t\t\t\t<div class=\"elementor-element elementor-element-c41ea34 elementor-widget elementor-widget-image\" data-id=\"c41ea34\" data-element_type=\"widget\" data-widget_type=\"image.default\">\n\t\t\t\t<div class=\"elementor-widget-container\">\n\t\t\t\t\t\t\t\t\t\t\t\t\t<img loading=\"lazy\" decoding=\"async\" width=\"768\" height=\"576\" src=\"https:\/\/lescapadou.com\/wp\/wp-content\/uploads\/2020\/10\/magie-papa-with-text-trans-h768.png\" class=\"attachment-medium_large size-medium_large wp-image-1428\" alt=\"\" srcset=\"https:\/\/lescapadou.com\/wp\/wp-content\/uploads\/2020\/10\/magie-papa-with-text-trans-h768.png 768w, https:\/\/lescapadou.com\/wp\/wp-content\/uploads\/2020\/10\/magie-papa-with-text-trans-h768-300x225.png 300w\" sizes=\"auto, (max-width: 768px) 100vw, 768px\" loading=\"lazy\">\t\t\t\t\t\t\t\t\t\t\t\t\t<\/div>\n\t\t\t\t<\/div>\n\t\t\t\t\t<\/div>\n\t\t<\/div>\n\t\t\t\t<div class=\"elementor-column elementor-col-50 elementor-inner-column elementor-element elementor-element-f66cd9f\" data-id=\"f66cd9f\" data-element_type=\"column\">\n\t\t\t<div class=\"elementor-widget-wrap elementor-element-populated\">\n\t\t\t\t\t\t<div class=\"elementor-element elementor-element-5196c6d elementor-widget elementor-widget-image\" data-id=\"5196c6d\" data-element_type=\"widget\" data-widget_type=\"image.default\">\n\t\t\t\t<div class=\"elementor-widget-container\">\n\t\t\t\t\t\t\t\t\t\t\t\t\t<img loading=\"lazy\" decoding=\"async\" width=\"768\" height=\"576\" src=\"https:\/\/lescapadou.com\/wp\/wp-content\/uploads\/2020\/10\/magie-home-with-text-trans-h768.png\" class=\"attachment-large size-large wp-image-1430\" alt=\"\" srcset=\"https:\/\/lescapadou.com\/wp\/wp-content\/uploads\/2020\/10\/magie-home-with-text-trans-h768.png 768w, https:\/\/lescapadou.com\/wp\/wp-content\/uploads\/2020\/10\/magie-home-with-text-trans-h768-300x225.png 300w\" sizes=\"auto, (max-width: 768px) 100vw, 768px\" loading=\"lazy\">\t\t\t\t\t\t\t\t\t\t\t\t\t<\/div>\n\t\t\t\t<\/div>\n\t\t\t\t\t<\/div>\n\t\t<\/div>\n\t\t\t\t\t<\/div>\n\t\t<\/section>\n\t\t\t\t<section class=\"elementor-section elementor-inner-section elementor-element elementor-element-68455cf elementor-section-boxed elementor-section-height-default elementor-section-height-default\" data-id=\"68455cf\" data-element_type=\"section\">\n\t\t\t\t\t\t<div class=\"elementor-container elementor-column-gap-default\">\n\t\t\t\t\t<div class=\"elementor-column elementor-col-50 elementor-inner-column elementor-element elementor-element-9ccb30c\" data-id=\"9ccb30c\" data-element_type=\"column\">\n\t\t\t<div class=\"elementor-widget-wrap elementor-element-populated\">\n\t\t\t\t\t\t<div class=\"elementor-element elementor-element-c1de72f elementor-widget elementor-widget-video\" data-id=\"c1de72f\" data-element_type=\"widget\" data-settings='{\"youtube_url\":\"https:\\\/\\\/youtu.be\\\/KmVhIR4O5IQ\",\"modestbranding\":\"yes\",\"lazy_load\":\"yes\",\"video_type\":\"youtube\",\"controls\":\"yes\"}' data-widget_type=\"video.default\">\n\t\t\t\t<div class=\"elementor-widget-container\">\n\t\t\t\t\t<div class=\"elementor-wrapper elementor-open-inline\">\n\t\t\t<div class=\"elementor-video\"><\/div>\t\t<\/div>\n\t\t\t\t<\/div>\n\t\t\t\t<\/div>\n\t\t\t\t\t<\/div>\n\t\t<\/div>\n\t\t\t\t<div class=\"elementor-column elementor-col-50 elementor-inner-column elementor-element elementor-element-1820f6d\" data-id=\"1820f6d\" data-element_type=\"column\">\n\t\t\t<div class=\"elementor-widget-wrap elementor-element-populated\">\n\t\t\t\t\t\t<div class=\"elementor-element elementor-element-b1c3ea9 elementor-widget elementor-widget-heading\" data-id=\"b1c3ea9\" data-element_type=\"widget\" data-widget_type=\"heading.default\">\n\t\t\t\t<div class=\"elementor-widget-container\">\n\t\t\t<h3 class=\"elementor-heading-title elementor-size-default\">Essayez l'application gratuitement!<\/h3>\t\t<\/div>\n\t\t\t\t<\/div>\n\t\t\t\t<div class=\"elementor-element elementor-element-fd8a695 elementor-widget elementor-widget-image\" data-id=\"fd8a695\" data-element_type=\"widget\" data-widget_type=\"image.default\">\n\t\t\t\t<div class=\"elementor-widget-container\">\n\t\t\t\t\t\t\t\t\t\t\t\t\t\t<a href=\"https:\/\/apps.apple.com\/fr\/app\/id1479552881\">\n\t\t\t\t\t\t\t<img loading=\"lazy\" decoding=\"async\" width=\"216\" height=\"68\" src=\"https:\/\/lescapadou.com\/wp\/wp-content\/uploads\/2020\/10\/app-store-badge-FR.png\" class=\"attachment-medium_large size-medium_large wp-image-1435\" alt=\"\" loading=\"lazy\">\t\t\t\t\t\t\t\t<\/a>\n\t\t\t\t\t\t\t\t\t\t\t\t\t<\/div>\n\t\t\t\t<\/div>\n\t\t\t\t<div class=\"elementor-element elementor-element-b1adfbc elementor-widget elementor-widget-image\" data-id=\"b1adfbc\" data-element_type=\"widget\" data-widget_type=\"image.default\">\n\t\t\t\t<div class=\"elementor-widget-container\">\n\t\t\t\t\t\t\t\t\t\t\t\t\t\t<a href=\"https:\/\/play.google.com\/store\/apps\/details?id=com.lescapadou.ttsfrench&amp;hl=fr\">\n\t\t\t\t\t\t\t<img loading=\"lazy\" decoding=\"async\" width=\"228\" height=\"68\" src=\"https:\/\/lescapadou.com\/wp\/wp-content\/uploads\/2020\/10\/google-play-badge-FR.png\" class=\"attachment-large size-large wp-image-1434\" alt=\"\" loading=\"lazy\">\t\t\t\t\t\t\t\t<\/a>\n\t\t\t\t\t\t\t\t\t\t\t\t\t<\/div>\n\t\t\t\t<\/div>\n\t\t\t\t\t<\/div>\n\t\t<\/div>\n\t\t\t\t\t<\/div>\n\t\t<\/section>\n\t\t\t\t<section class=\"elementor-section elementor-inner-section elementor-element elementor-element-c5bf496 elementor-section-boxed elementor-section-height-default elementor-section-height-default\" data-id=\"c5bf496\" data-element_type=\"section\">\n\t\t\t\t\t\t<div class=\"elementor-container elementor-column-gap-default\">\n\t\t\t\t\t<div class=\"elementor-column elementor-col-100 elementor-inner-column elementor-element elementor-element-30c7301\" data-id=\"30c7301\" data-element_type=\"column\">\n\t\t\t<div class=\"elementor-widget-wrap elementor-element-populated\">\n\t\t\t\t\t\t<div class=\"elementor-element elementor-element-f344bec elementor-widget elementor-widget-text-editor\" data-id=\"f344bec\" data-element_type=\"widget\" data-widget_type=\"text-editor.default\">\n\t\t\t\t<div class=\"elementor-widget-container\">\n\t\t\t\t\t\t\t<p>Utilis\u00e9 dans des milliers d\u2019\u00e9coles !<\/p><p>La magie des mots offre plusieurs activit\u00e9s amusantes de lecture et d\u2019orthographe pour les enfants de 4 \u00e0 10 ans :<\/p><p><strong>Apprendre \u00e0 lire en construisant des mots<\/strong><\/p><p>\u2022 L\u2019alphabet mobile parlant permet aux enfants d\u2019exp\u00e9rimenter le son des lettres et leurs combinaisons en construisant des mots (premi\u00e8re \u00e9tape de la lecture) <br>\u2022 N\u2019importe quel texte peut \u00eatre \u00e9crit et sera prononc\u00e9 gr\u00e2ce \u00e0 des voix de synth\u00e8se tr\u00e8s naturelles (2 voix d\u2019enfant + 3 voix d\u2019adulte)<br>\u2022 Minuscules et majuscules, clavier ABC ou Azerty, chiffres,\u2026<br>\u2022 Nombreux r\u00e9glages pour s\u2019adapter \u00e0 tous les enfants (taille des lettres, images illustrant les mots, mode contraste \u00e9lev\u00e9 ,\u2026)<\/p><p><strong>Apprendre l\u2019orthographe<\/strong><\/p><p>\u2022 3 activit\u00e9s, de difficult\u00e9 croissante, pour apprendre l\u2019orthographe en utilisant l\u2019alphabet mobile parlant<br>\u2022 215 listes de mots incluses<br>\u2022 Ajout de vos propres listes de mots ou de courtes phrases<br>\u2022 Ajout d\u2019images pour illustrer les mots<br>\u2022 Suivi des progr\u00e8s de votre enfant gr\u00e2ce aux rapports d\u00e9taill\u00e9s<\/p><p><strong>L\u2019alphabet mobile parlant<\/strong><\/p><p>\u2022 Prononce n\u2019importe quel mot construit \u00e0 l\u2019aide de l\u2019alphabet mobile<br>\u2022 5 voix : 2 d\u2019adulte, 2 d\u2019enfant et 1 qu\u00e9b\u00e9coise<br>\u2022 V\u00e9rificateur d\u2019orthographe (entoure en rouge les mots non reconnus)<br>\u2022 Possibilit\u00e9 de lire un mot isol\u00e9 ou une phrase enti\u00e8re <br>\u2022 Lettres cursives ou scriptes, majuscules, minuscules, nombres et digraphes (comme \u201cch\u201d ou \u201cau\u201d)<br>\u2022 Ordre alphab\u00e9tique, Azerty ou Qwerty<br>\u2022 Option de simulation de clavier pour les plus grands<br>\u2022 Taille des lettres ajustable<br>\u2022 Transformateur de voix pour s\u2019amuser !<br>\u2022 Accessibilit\u00e9 : support des claviers externes et 4 modes d\u2019affichage ayant un contraste \u00e9lev\u00e9 <br><br><strong>Des tests d\u2019orthographe amusants<\/strong><\/p><p>3 activit\u00e9s de difficult\u00e9 croissante afin d\u2019adapter l\u2019activit\u00e9 au niveau de l\u2019enfant :<\/p><p>1 \u2013 \u201cApprendre en recopiant\u201d prononce et affiche le mot \u00e0 \u00e9crire, puis demande \u00e0 l\u2019enfant de l\u2019\u00e9crire \u00e0 l\u2019aide de l\u2019alphabet mobile parlant<\/p><p>2 \u2013 \u201cLettres m\u00e9lang\u00e9es\u201d prononce le mot et affiche les lettres n\u00e9cessaires pour la construction de celui-ci, puis demande \u00e0 l\u2019enfant de construire le mot<\/p><p>3 \u2013 \u201cDict\u00e9e\u201d est une dict\u00e9e standard. Cependant l\u2019application ne pr\u00e9sente pas le prochain mot ou phrase de la liste tant que l\u2019enfant n\u2019a pas correctement \u00e9crit le mot ou la phrase demand\u00e9 (ce qui permet \u00e0 l\u2019enfant de mieux retenir l\u2019orthographe du mot)<\/p><p>\u2022 Cr\u00e9er et partager vos propres listes de mots <br>\u2022 215 tests int\u00e9gr\u00e9s. Exemples de listes de mots int\u00e9gr\u00e9es : les animaux, les 1500 mots les plus utilis\u00e9s, les nombres, la famille, etc.<br>\u2022 Possibilit\u00e9 de cr\u00e9er des utilisateurs <br>\u2022 R\u00e9sultats d\u00e9taill\u00e9s des tests par utilisateur<br>\u2022 Indices disponibles pour aider les enfants \u00e0 progresser<br>\u2022 Une fois qu\u2019un test est termin\u00e9, un rapport s\u2019affiche et de superbes animations interactives offrent un moment de d\u00e9tente <\/p>\t\t\t\t\t\t<\/div>\n\t\t\t\t<\/div>\n\t\t\t\t\t<\/div>\n\t\t<\/div>\n\t\t\t\t\t<\/div>\n\t\t<\/section>\n\t\t\t\t\t<\/div>\n\t\t<\/div>\n\t\t\t\t\t<\/div>\n\t\t<\/section>\n\t\t\t\t<\/div>\n\t\t<\/body>","protected":false},"excerpt":{"rendered":"<p>&#8220;L\u2019application indispensable pour exp\u00e9rimenter les lettres et apprendre l\u2019orthographe&#8221; &#8211; DeclicKids.fr Label Appli d&#8217;Or &#8220;Vos enfants vont aimer l&#8217;orthographe!&#8221; &#8211; souris-grise.com Essayez l&#8217;application gratuitement! Utilis\u00e9 dans des milliers d&#8217;\u00e9coles ! La magie des mots offre plusieurs activit\u00e9s amusantes de lecture et d&#8217;orthographe pour les enfants de 4 \u00e0 10 ans : Apprendre \u00e0 lire en &hellip;<\/p>\n<p class=\"read-more\"> <a class=\"\" href=\"https:\/\/lescapadou.com\/wp\/fr\/la-magie-des-mots-appli\/\"> <span class=\"screen-reader-text\">La magie des mots &#8211; pour iPad, iPhone et Android<\/span> Read More &raquo;<\/a><\/p>\n","protected":false},"author":1,"featured_media":0,"parent":0,"menu_order":0,"comment_status":"closed","ping_status":"closed","template":"","meta":{"nf_dc_page":"","site-sidebar-layout":"no-sidebar","site-content-layout":"page-builder","ast-global-header-display":"","ast-main-header-display":"","ast-hfb-above-header-display":"","ast-hfb-below-header-display":"","ast-hfb-mobile-header-display":"","site-post-title":"disabled","ast-breadcrumbs-content":"","ast-featured-img":"disabled","footer-sml-layout":"","theme-transparent-header-meta":"default","adv-header-id-meta":null,"stick-header-meta":null,"header-above-stick-meta":null,"header-main-stick-meta":null,"header-below-stick-meta":null,"footnotes":""},"class_list":["post-1652","page","type-page","status-publish","hentry"],"_links":{"self":[{"href":"https:\/\/lescapadou.com\/wp\/wp-json\/wp\/v2\/pages\/1652","targetHints":{"allow":["GET"]}}],"collection":[{"href":"https:\/\/lescapadou.com\/wp\/wp-json\/wp\/v2\/pages"}],"about":[{"href":"https:\/\/lescapadou.com\/wp\/wp-json\/wp\/v2\/types\/page"}],"author":[{"embeddable":true,"href":"https:\/\/lescapadou.com\/wp\/wp-json\/wp\/v2\/users\/1"}],"replies":[{"embeddable":true,"href":"https:\/\/lescapadou.com\/wp\/wp-json\/wp\/v2\/comments?post=1652"}],"version-history":[{"count":5,"href":"https:\/\/lescapadou.com\/wp\/wp-json\/wp\/v2\/pages\/1652\/revisions"}],"predecessor-version":[{"id":1732,"href":"https:\/\/lescapadou.com\/wp\/wp-json\/wp\/v2\/pages\/1652\/revisions\/1732"}],"wp:attachment":[{"href":"https:\/\/lescapadou.com\/wp\/wp-json\/wp\/v2\/media?parent=1652"}],"curies":[{"name":"wp","href":"https:\/\/api.w.org\/{rel}","templated":true}]}}